{"id":431,"date":"2024-03-15T22:59:03","date_gmt":"2024-03-15T22:59:03","guid":{"rendered":"https:\/\/www.formulanoticias.com.mx\/?page_id=431"},"modified":"2024-03-15T22:59:03","modified_gmt":"2024-03-15T22:59:03","slug":"nosotros","status":"publish","type":"page","link":"https:\/\/www.formulanoticias.com.mx\/?page_id=431","title":{"rendered":"Nosotros"},"content":{"rendered":"\n<p>\u00bfQUI\u00c9NES SOMOS?<\/p>\n\n\n\n<p>F\u00d3RMULA NOTICIAS DE TAMAULIPAS S.A. DE C.V. EN CUMPLIMIENTO A LO QUE ESTABLECE LA LEY FEDERAL DE PROTECCI\u00d3N DE DATOS PERSONALES EN POSESI\u00d3N DE LOS PARTICULARES HACE DEL CONOCIMIENTO QUE \u00daNICAMENTE RECABA DATOS PERSONALES DE SUS CLIENTES Y\/O LECTORES, SIENDO LA \u00daNICA RESPONSABLE DE SU TRATAMIENTO Y MANIFESTANDO QUE SE COMPROMETE RESPETAR LA PRIVACIDAD DE LOS DATOS EN POSESI\u00d3N, MOTIVO POR EL CUAL INFORMA QUE:<\/p>\n\n\n\n<p>SU DOMICILIO PARA OIR Y RECIBIR NOTIFICACIONES ES EL DE GASPAR DE LA GARZA #190 SUR, EN CIUDAD VICTORIA, TAMAULIPAS, C.P. 87000, M\u00c9XICO.<\/p>\n\n\n\n<p>F\u00d3RMULA NOTICIAS DE TAMAULIPAS, S.A. DE C.V. RECABA LOS DATOS PERSONALES RELACIONADOS CON EL NOMBRE, EDAD, DOMICILIO, TEL\u00c9FONO, CORREO ELECTR\u00d3NICO, \u00daNICAMENTE SI SE SOLICITA UN CARGO CON TARJETA DE CR\u00c9DITO, SE PROCEDER\u00c1 A RECABAR LOS DATOS BANCARIOS CORRESPONDIENTES; ESTOS DATOS SE UTILIZAN EXCLUSIVAMENTE PARA FINES DE PRESTACI\u00d3N DEL SERVICIO QUE BRINDAMOS, AS\u00cd COMO FINES MERCADOT\u00c9CNICOS Y PUBLICITARIOS.<\/p>\n\n\n\n<p>F\u00d3RMULA NOTICIAS DE TAMAULIPAS, MANIFIESTA QUE SUS DATOS NO SER\u00c1N ENTREGADOS A NINGUNA OTRA PERSONA F\u00cdSICA O MORAL, MOTIVO POR EL CUAL SUS DATOS \u00daNICAMENTE SER\u00c1N TRATADOS POR F\u00d3RMULA NOTICIAS DE TAMAULIPAS, SUS DIRECTIVOS O EMPLEADOS Y TRT\u00c1NDOSE DEL COBRO DE NUESTROS SERVICIOS CON LA INSTITUCI\u00d3N BANCARIA CORRESPONDIENTE.<\/p>\n\n\n\n<p>LOS MECANISMOS QUE UTILIZA F\u00d3RMULA NOTICIAS DE TAMAULIPAS PARA RECABAR LOS DATOS PERSONALES SON:<\/p>\n\n\n\n<p>A) DE MANERA PERSONAL Y DIRECTA<\/p>\n\n\n\n<p>B) A TRAV\u00c9S DE NUESTRO SITIO DE INTERNET<\/p>\n\n\n\n<p>C) A TRAV\u00c9S DE NUESTRAS APLICACIONES M\u00d3VILES<\/p>\n\n\n\n<p>LAS EXCEPCIONES PARA LA RESTRICCI\u00d3N DE SUS DATOS PERSONALES SON:<\/p>\n\n\n\n<p>1) EXISTA REQUERIMIENTO DE AUTORIDAD<\/p>\n\n\n\n<p>2) LOS QUE CONSTEN EN FUENTES DE ACCESO P\u00daBLICO<\/p>\n\n\n\n<p>SOLICITAMOS REVISAR LAS POL\u00cdTICAS DE PRIVACIDAD DE LOS ENLACES A SITIOS DE TERCEROS AJENOS QUE APAREZCAN EN NUESTRO SITIO WEB, YA QUE F\u00d3RMULA NOTICIAS DE TAMAULIPAS NO MANTIENE NINGUNA RELACI\u00d3N CON LOS TITULARES DE LOS MISMOS.<\/p>\n\n\n\n<p>EL PRESENTE AVISO DE PRIVACIDAD, PODR\u00c1 SER MODIFICADO EN CUALQUIER MOMENTO Y NOS COMPROMETEMOS A PUBLICAR LAS MODIFICACIONES DE FORMA INMEDIATA EN NUESTRAS OFICINAS, SITIOS WEB O MEDIOS IMPRESOS.<\/p>\n\n\n\n<p>Reporte del Impuesto Sobre la Renta Diferido en el R\u00e9gimen Opcional para Grupos de Sociedades.<\/p>\n\n\n\n<p>&#8220;En cumplimiento a los dispuesto por el Art\u00edculo 70 Fracci\u00f3n V Inciso c) de la Ley del Impuesto Sobre la Renta, se hace p\u00fablica la informaci\u00f3n del Impuesto Sobre la Renta Diferido del ejercicio de 2022 conforme al Cap\u00edtulo VI del T\u00edtulo II de la LISR, el Impuesto Sobre la Renta que se difiere es por la cantidad de $ 0.00 cero pesos, debido a que qued\u00f3 cubierto en su totalidad el lmpuesto Sobre la Renta en el ejercicio fiscal de 2022.&#8221;<\/p>\n","protected":false},"excerpt":{"rendered":"<p>\u00bfQUI\u00c9NES SOMOS? F\u00d3RMULA NOTICIAS DE TAMAULIPAS S.A. DE C.V. EN CUMPLIMIENTO A LO QUE ESTABLECE LA LEY FEDERAL DE PROTECCI\u00d3N DE DATOS PERSONALES EN POSESI\u00d3N DE LOS PARTICULARES HACE DEL CONOCIMIENTO QUE \u00daNICAMENTE RECABA DATOS PERSONALES DE SUS CLIENTES Y\/O LECTORES, SIENDO LA \u00daNICA RESPONSABLE DE SU TRATAMIENTO Y MANIFESTANDO QUE SE COMPROMETE RESPETAR LA [&hellip;]<\/p>\n","protected":false},"author":1,"featured_media":0,"parent":0,"menu_order":0,"comment_status":"closed","ping_status":"closed","template":"","meta":{"footnotes":""},"class_list":["post-431","page","type-page","status-publish","hentry"],"_links":{"self":[{"href":"https:\/\/www.formulanoticias.com.mx\/index.php?rest_route=\/wp\/v2\/pages\/431","targetHints":{"allow":["GET"]}}],"collection":[{"href":"https:\/\/www.formulanoticias.com.mx\/index.php?rest_route=\/wp\/v2\/pages"}],"about":[{"href":"https:\/\/www.formulanoticias.com.mx\/index.php?rest_route=\/wp\/v2\/types\/page"}],"author":[{"embeddable":true,"href":"https:\/\/www.formulanoticias.com.mx\/index.php?rest_route=\/wp\/v2\/users\/1"}],"replies":[{"embeddable":true,"href":"https:\/\/www.formulanoticias.com.mx\/index.php?rest_route=%2Fwp%2Fv2%2Fcomments&post=431"}],"version-history":[{"count":1,"href":"https:\/\/www.formulanoticias.com.mx\/index.php?rest_route=\/wp\/v2\/pages\/431\/revisions"}],"predecessor-version":[{"id":432,"href":"https:\/\/www.formulanoticias.com.mx\/index.php?rest_route=\/wp\/v2\/pages\/431\/revisions\/432"}],"wp:attachment":[{"href":"https:\/\/www.formulanoticias.com.mx\/index.php?rest_route=%2Fwp%2Fv2%2Fmedia&parent=431"}],"curies":[{"name":"wp","href":"https:\/\/api.w.org\/{rel}","templated":true}]}}